{"id":97779,"date":"2025-10-02T19:55:50","date_gmt":"2025-10-02T19:55:50","guid":{"rendered":"https:\/\/atrapalaszapas.com\/?post_type=product&#038;p=97779"},"modified":"2025-10-06T14:51:02","modified_gmt":"2025-10-06T14:51:02","slug":"bracelet-van-cleef-arpels-4","status":"publish","type":"product","link":"https:\/\/atrapalaszapas.com\/index.php\/producto\/bracelet-van-cleef-arpels-4\/","title":{"rendered":"bracelet Van Cleef &#038; Arpels"},"content":{"rendered":"","protected":false},"excerpt":{"rendered":"<p>Descubre la elegancia atemporal con esta pulsera Van Cleef &amp; Arpels, elaborada con materiales de la m\u00e1s alta calidad y un dise\u00f1o ic\u00f3nico que refleja lujo y sofisticaci\u00f3n. Con sus detalles exquisitos y acabados impecables, es la pieza perfecta para realzar cualquier look con distinci\u00f3n. Un s\u00edmbolo de artesan\u00eda y exclusividad para los amantes de la alta joyer\u00eda.<\/p>\n","protected":false},"featured_media":72831,"comment_status":"open","ping_status":"closed","template":"","meta":[],"product_brand":[],"product_cat":[613,617],"product_tag":[],"class_list":{"0":"post-97779","1":"product","2":"type-product","3":"status-publish","4":"has-post-thumbnail","6":"product_cat-accessories","7":"product_cat-pulseras","9":"first","10":"instock","11":"sale","12":"taxable","13":"shipping-taxable","14":"purchasable","15":"product-type-simple"},"jetpack_sharing_enabled":true,"_links":{"self":[{"href":"https:\/\/atrapalaszapas.com\/index.php\/wp-json\/wp\/v2\/product\/97779","targetHints":{"allow":["GET"]}}],"collection":[{"href":"https:\/\/atrapalaszapas.com\/index.php\/wp-json\/wp\/v2\/product"}],"about":[{"href":"https:\/\/atrapalaszapas.com\/index.php\/wp-json\/wp\/v2\/types\/product"}],"replies":[{"embeddable":true,"href":"https:\/\/atrapalaszapas.com\/index.php\/wp-json\/wp\/v2\/comments?post=97779"}],"version-history":[{"count":1,"href":"https:\/\/atrapalaszapas.com\/index.php\/wp-json\/wp\/v2\/product\/97779\/revisions"}],"predecessor-version":[{"id":97807,"href":"https:\/\/atrapalaszapas.com\/index.php\/wp-json\/wp\/v2\/product\/97779\/revisions\/97807"}],"wp:featuredmedia":[{"embeddable":true,"href":"https:\/\/atrapalaszapas.com\/index.php\/wp-json\/wp\/v2\/media\/72831"}],"wp:attachment":[{"href":"https:\/\/atrapalaszapas.com\/index.php\/wp-json\/wp\/v2\/media?parent=97779"}],"wp:term":[{"taxonomy":"product_brand","embeddable":true,"href":"https:\/\/atrapalaszapas.com\/index.php\/wp-json\/wp\/v2\/product_brand?post=97779"},{"taxonomy":"product_cat","embeddable":true,"href":"https:\/\/atrapalaszapas.com\/index.php\/wp-json\/wp\/v2\/product_cat?post=97779"},{"taxonomy":"product_tag","embeddable":true,"href":"https:\/\/atrapalaszapas.com\/index.php\/wp-json\/wp\/v2\/product_tag?post=97779"}],"curies":[{"name":"wp","href":"https:\/\/api.w.org\/{rel}","templated":true}]}}