{"id":97846,"date":"2025-10-02T19:56:11","date_gmt":"2025-10-02T19:56:11","guid":{"rendered":"https:\/\/atrapalaszapas.com\/?post_type=product&#038;p=97846"},"modified":"2025-10-06T14:42:36","modified_gmt":"2025-10-06T14:42:36","slug":"bag-dior-15","status":"publish","type":"product","link":"https:\/\/atrapalaszapas.com\/index.php\/producto\/bag-dior-15\/","title":{"rendered":"Bag Dior"},"content":{"rendered":"","protected":false},"excerpt":{"rendered":"<p>Este bolso Dior es la m\u00e1xima expresi\u00f3n de elegancia y exclusividad. Confeccionado con materiales de alta calidad y un dise\u00f1o ic\u00f3nico, combina a la perfecci\u00f3n artesan\u00eda y estilo. Sus detalles refinados y acabados impecables lo convierten en el complemento ideal para realzar cualquier look con distinci\u00f3n. Un s\u00edmbolo de lujo atemporal para quienes buscan sofisticaci\u00f3n en cada detalle.<\/p>\n","protected":false},"featured_media":73056,"comment_status":"open","ping_status":"closed","template":"","meta":[],"product_brand":[],"product_cat":[613,618,619],"product_tag":[],"class_list":{"0":"post-97846","1":"product","2":"type-product","3":"status-publish","4":"has-post-thumbnail","6":"product_cat-accessories","7":"product_cat-bags","8":"product_cat-rinoneras","10":"first","11":"instock","12":"sale","13":"taxable","14":"shipping-taxable","15":"purchasable","16":"product-type-simple"},"jetpack_sharing_enabled":true,"_links":{"self":[{"href":"https:\/\/atrapalaszapas.com\/index.php\/wp-json\/wp\/v2\/product\/97846","targetHints":{"allow":["GET"]}}],"collection":[{"href":"https:\/\/atrapalaszapas.com\/index.php\/wp-json\/wp\/v2\/product"}],"about":[{"href":"https:\/\/atrapalaszapas.com\/index.php\/wp-json\/wp\/v2\/types\/product"}],"replies":[{"embeddable":true,"href":"https:\/\/atrapalaszapas.com\/index.php\/wp-json\/wp\/v2\/comments?post=97846"}],"version-history":[{"count":1,"href":"https:\/\/atrapalaszapas.com\/index.php\/wp-json\/wp\/v2\/product\/97846\/revisions"}],"predecessor-version":[{"id":97876,"href":"https:\/\/atrapalaszapas.com\/index.php\/wp-json\/wp\/v2\/product\/97846\/revisions\/97876"}],"wp:featuredmedia":[{"embeddable":true,"href":"https:\/\/atrapalaszapas.com\/index.php\/wp-json\/wp\/v2\/media\/73056"}],"wp:attachment":[{"href":"https:\/\/atrapalaszapas.com\/index.php\/wp-json\/wp\/v2\/media?parent=97846"}],"wp:term":[{"taxonomy":"product_brand","embeddable":true,"href":"https:\/\/atrapalaszapas.com\/index.php\/wp-json\/wp\/v2\/product_brand?post=97846"},{"taxonomy":"product_cat","embeddable":true,"href":"https:\/\/atrapalaszapas.com\/index.php\/wp-json\/wp\/v2\/product_cat?post=97846"},{"taxonomy":"product_tag","embeddable":true,"href":"https:\/\/atrapalaszapas.com\/index.php\/wp-json\/wp\/v2\/product_tag?post=97846"}],"curies":[{"name":"wp","href":"https:\/\/api.w.org\/{rel}","templated":true}]}}