{"id":97891,"date":"2025-10-02T19:56:28","date_gmt":"2025-10-02T19:56:28","guid":{"rendered":"https:\/\/atrapalaszapas.com\/?post_type=product&#038;p=97891"},"modified":"2025-10-06T14:42:37","modified_gmt":"2025-10-06T14:42:37","slug":"bag-louis-vuitton-7","status":"publish","type":"product","link":"https:\/\/atrapalaszapas.com\/index.php\/producto\/bag-louis-vuitton-7\/","title":{"rendered":"Bag Louis Vuitton"},"content":{"rendered":"","protected":false},"excerpt":{"rendered":"<p>Descubre el lujo y la artesan\u00eda inigualable con este bolso Louis Vuitton, elaborado con materiales de la m\u00e1s alta calidad y un dise\u00f1o ic\u00f3nico. Cada detalle refleja la excelencia y sofisticaci\u00f3n de la marca, convirti\u00e9ndolo en un accesorio perfecto para cualquier ocasi\u00f3n. Un s\u00edmbolo de estilo, distinci\u00f3n y exclusividad que perdura en el tiempo.<\/p>\n","protected":false},"featured_media":73125,"comment_status":"open","ping_status":"closed","template":"","meta":[],"product_brand":[],"product_cat":[613,618,619],"product_tag":[],"class_list":{"0":"post-97891","1":"product","2":"type-product","3":"status-publish","4":"has-post-thumbnail","6":"product_cat-accessories","7":"product_cat-bags","8":"product_cat-rinoneras","10":"first","11":"instock","12":"sale","13":"taxable","14":"shipping-taxable","15":"purchasable","16":"product-type-simple"},"jetpack_sharing_enabled":true,"_links":{"self":[{"href":"https:\/\/atrapalaszapas.com\/index.php\/wp-json\/wp\/v2\/product\/97891","targetHints":{"allow":["GET"]}}],"collection":[{"href":"https:\/\/atrapalaszapas.com\/index.php\/wp-json\/wp\/v2\/product"}],"about":[{"href":"https:\/\/atrapalaszapas.com\/index.php\/wp-json\/wp\/v2\/types\/product"}],"replies":[{"embeddable":true,"href":"https:\/\/atrapalaszapas.com\/index.php\/wp-json\/wp\/v2\/comments?post=97891"}],"version-history":[{"count":1,"href":"https:\/\/atrapalaszapas.com\/index.php\/wp-json\/wp\/v2\/product\/97891\/revisions"}],"predecessor-version":[{"id":97921,"href":"https:\/\/atrapalaszapas.com\/index.php\/wp-json\/wp\/v2\/product\/97891\/revisions\/97921"}],"wp:featuredmedia":[{"embeddable":true,"href":"https:\/\/atrapalaszapas.com\/index.php\/wp-json\/wp\/v2\/media\/73125"}],"wp:attachment":[{"href":"https:\/\/atrapalaszapas.com\/index.php\/wp-json\/wp\/v2\/media?parent=97891"}],"wp:term":[{"taxonomy":"product_brand","embeddable":true,"href":"https:\/\/atrapalaszapas.com\/index.php\/wp-json\/wp\/v2\/product_brand?post=97891"},{"taxonomy":"product_cat","embeddable":true,"href":"https:\/\/atrapalaszapas.com\/index.php\/wp-json\/wp\/v2\/product_cat?post=97891"},{"taxonomy":"product_tag","embeddable":true,"href":"https:\/\/atrapalaszapas.com\/index.php\/wp-json\/wp\/v2\/product_tag?post=97891"}],"curies":[{"name":"wp","href":"https:\/\/api.w.org\/{rel}","templated":true}]}}