{"id":98300,"date":"2025-10-02T19:58:29","date_gmt":"2025-10-02T19:58:29","guid":{"rendered":"https:\/\/atrapalaszapas.com\/?post_type=product&#038;p=98300"},"modified":"2025-10-02T19:58:34","modified_gmt":"2025-10-02T19:58:34","slug":"belt-louis-vuitton-18","status":"publish","type":"product","link":"https:\/\/atrapalaszapas.com\/index.php\/producto\/belt-louis-vuitton-18\/","title":{"rendered":"Belt Louis Vuitton"},"content":{"rendered":"","protected":false},"excerpt":{"rendered":"<p>Este cintur\u00f3n de cuero Louis Vuitton es el equilibrio perfecto entre elegancia y exclusividad. Fabricado con piel de la m\u00e1s alta calidad y un dise\u00f1o sofisticado, incorpora la ic\u00f3nica hebilla LV que a\u00f1ade un toque distintivo. Ideal para complementar cualquier atuendo con estilo y refinamiento, es una pieza atemporal para quienes buscan lujo en cada detalle.<\/p>\n","protected":false},"featured_media":73848,"comment_status":"open","ping_status":"closed","template":"","meta":[],"product_brand":[],"product_cat":[613,624],"product_tag":[],"class_list":{"0":"post-98300","1":"product","2":"type-product","3":"status-publish","4":"has-post-thumbnail","6":"product_cat-accessories","7":"product_cat-cinturones","9":"first","10":"instock","11":"sale","12":"taxable","13":"shipping-taxable","14":"purchasable","15":"product-type-simple"},"jetpack_sharing_enabled":true,"_links":{"self":[{"href":"https:\/\/atrapalaszapas.com\/index.php\/wp-json\/wp\/v2\/product\/98300","targetHints":{"allow":["GET"]}}],"collection":[{"href":"https:\/\/atrapalaszapas.com\/index.php\/wp-json\/wp\/v2\/product"}],"about":[{"href":"https:\/\/atrapalaszapas.com\/index.php\/wp-json\/wp\/v2\/types\/product"}],"replies":[{"embeddable":true,"href":"https:\/\/atrapalaszapas.com\/index.php\/wp-json\/wp\/v2\/comments?post=98300"}],"version-history":[{"count":1,"href":"https:\/\/atrapalaszapas.com\/index.php\/wp-json\/wp\/v2\/product\/98300\/revisions"}],"predecessor-version":[{"id":98330,"href":"https:\/\/atrapalaszapas.com\/index.php\/wp-json\/wp\/v2\/product\/98300\/revisions\/98330"}],"wp:featuredmedia":[{"embeddable":true,"href":"https:\/\/atrapalaszapas.com\/index.php\/wp-json\/wp\/v2\/media\/73848"}],"wp:attachment":[{"href":"https:\/\/atrapalaszapas.com\/index.php\/wp-json\/wp\/v2\/media?parent=98300"}],"wp:term":[{"taxonomy":"product_brand","embeddable":true,"href":"https:\/\/atrapalaszapas.com\/index.php\/wp-json\/wp\/v2\/product_brand?post=98300"},{"taxonomy":"product_cat","embeddable":true,"href":"https:\/\/atrapalaszapas.com\/index.php\/wp-json\/wp\/v2\/product_cat?post=98300"},{"taxonomy":"product_tag","embeddable":true,"href":"https:\/\/atrapalaszapas.com\/index.php\/wp-json\/wp\/v2\/product_tag?post=98300"}],"curies":[{"name":"wp","href":"https:\/\/api.w.org\/{rel}","templated":true}]}}